{"id":48,"date":"2024-06-02T17:35:13","date_gmt":"2024-06-02T15:35:13","guid":{"rendered":"https:\/\/www.silco.polimi.it\/?page_id=48"},"modified":"2024-10-21T12:18:40","modified_gmt":"2024-10-21T10:18:40","slug":"comitato-scientifico","status":"publish","type":"page","link":"https:\/\/www.silco.polimi.it\/it\/comitato-scientifico\/","title":{"rendered":"Governance &amp; Board"},"content":{"rendered":"<h3><strong><img loading=\"lazy\" decoding=\"async\" src=\"http:\/\/www.silco.polimi.it\/wp-content\/uploads\/2024\/08\/board_2-e1724242461436-1024x392.png\" alt=\"\" width=\"1024\" height=\"392\" \/>Il progetto SILCO nasce dalla cooperazione di tre gruppi di ricerca.<\/strong><\/h3>\n<p>Il progetto SILCO \u00e8 stato ideato e pianificato per rispondere a tre obiettivi del PNRR dell'UE e dell'Italia: il cambiamento climatico, proponendo nuovi materiali per la cattura e l'utilizzo della CO<sub>2<\/sub> (SDG13); l'energia a prezzi accessibili, proponendo la trasformazione della CO<sub>2<\/sub> in idrocarburi (SDG7) e il consumo responsabile delle risorse, proponendo lo sviluppo e l'applicazione di matrici di silice derivate da rifiuti (SDG12), con particolare attenzione alla circolarit\u00e0 dell'approccio proposto.<\/p>\n<p>Si prevede lo sviluppo di matrici sorbenti derivate da rifiuti (WSM) a base di silice e\/o silice modificata con specifica funzionalizzazione e porosit\u00e0, adatte per la cattura e lo stoccaggio di CO<sub>2<\/sub> ad alta efficienza e per l'utilizzo come catalizzatori di supporto per la produzione di combustibili ad alta resa e selettivi.<\/p>\n<p>Altri aspetti importanti di SILCO riguardano lo studio e la messa a punto di metodologie per la caratterizzazione e la valutazione del rapporto struttura-prestazioni dei sorbenti e dei catalizzatori. Il concetto innovativo di SILCO si basa sulla messa a punto di metodologie in grado di consentire una gestione efficiente dei rifiuti, compresa la CO<sub>2<\/sub>, per reintrodurli nel ciclo produttivo dando loro nuova vita e valore.<\/p>\n<p>Tra gli altri, gli output applicativi di SILCO possono essere:<\/p>\n<ol>\n<li>l'applicazione di nuovi WSM, attualmente non disponibili sul mercato, nelle tecnologie attuali, e<\/li>\n<li>la possibilit\u00e0 di implementare nuove tecnologie, che si occupano di processi di riciclaggio, ancora non applicate a livello industriale.<\/li>\n<\/ol>\n<p>L'ambiziosa visione a lungo termine di SILCO pu\u00f2 essere fondamentale per nuove tecnologie in grado di generare importanti opportunit\u00e0 di lavoro. Le implicazioni ambientali del riutilizzo e del riciclo dei residui di silice sono positive per quanto riguarda le materie prime, le risorse, i costi e la riduzione delle discariche. Effetti positivi ancora pi\u00f9 impattanti si avranno considerando il recupero e la valorizzazione della CO<sub>2<\/sub> . Il riscaldamento globale \u00e8 considerato una delle sfide pi\u00f9 importanti del XXI secolo, cos\u00ec come la cattura della CO<sub>2<\/sub> ; pertanto, le tecnologie di stoccaggio stanno suscitando grande interesse per ridurre la quantit\u00e0 sempre crescente di CO<sub>2<\/sub> rilasciata nell'atmosfera e il suo impatto sul cambiamento climatico globale. Lo sviluppo di un catalizzatore robusto per la riduzione selettiva della CO<sub>2<\/sub> direttamente in combustibili idrocarburici \u00e8 molto impegnativo sia dal punto di vista energetico che ambientale, in quanto offre una via rinnovabile e verde per la produzione di combustibili. La produzione di gas naturale sintetico dalla CO<sub>2<\/sub> mediante una reazione di metanazione \u00e8 quindi una promettente tecnologia di cattura e utilizzo del carbonio che porta al suo riciclo.<\/p>\n<p>&nbsp;<\/p>\n<h3><strong>Governance &amp; Board<\/strong><\/h3>\n<p>Il sistema di governance del progetto SILCO \u00e8 stato definito e approvato in linea con quanto riportato e dettagliato nella descrizione del progetto SILCO (P2022SZANL).<\/p>\n<p>Le unit\u00e0 di ricerca coinvolte nel progetto SILCO sono:<\/p>\n<ul>\n<li><em><strong>Politecnico di Milano (POLIMI)<\/strong>: Dept. of Chemistry, Materials and Chemical Engineering &#8220;Giulio Natta&#8221; (CMIC) and Dept. of Energy (DENG)<\/em>. POLIMI si occupa principalmente delle seguenti attivit\u00e0: coordinamento; preparazione e test di catalizzatori;<\/li>\n<li><em><strong>Universit\u00e0 di Milano Bicocca (UNIMIB)<\/strong>: Dipartimento di Scienza dei Materiali (DSM)<\/em>. UNIMIB si occupa principalmente delle seguenti attivit\u00e0: preparazione e caratterizzazione di materiali funzionalizzati;<\/li>\n<li><em><strong>Universit\u00e0 di Genova (UNIGE)<\/strong>: Dipartimento di Ingegneria Civile, Chimica e Ambientale (DICCA), Scuola Politecnica<\/em>. L'UNIGE \u00e8 impegnata principalmente nelle seguenti attivit\u00e0: caratterizzazione spettroscopica dei materiali e delle propriet\u00e0 superficiali.<\/li>\n<\/ul>\n<p>&nbsp;<\/p>\n<p>L'organizzazione del consiglio \u00e8 la seguente:<\/p>\n<ul>\n<li><strong>Responsabili di unit\u00e0:<\/strong>\n<ul>\n<li><em><u>prof.ssa Cinzia Cristiani &#8211; POLIMI;<\/u><\/em> Coordinatore del progetto (ricercatore principale, PI) e responsabile dell'unit\u00e0. Attivit\u00e0: Coordinamento e gestione amministrativa; funzione di pianificazione e conduzione dell'attivit\u00e0 sperimentale<\/li>\n<li><em><u>prof.ssa Elisabetta Finocchio &#8211; UNIGE;<\/u><\/em> Coordinatore del progetto (Substitute Principal Investigator, Co-PI) e responsabile dell'unit\u00e0. Attivit\u00e0: Coordinamento e gestione amministrativa; funzione di pianificazione e conduzione dell'attivit\u00e0 sperimentale<\/li>\n<li><em><u>prof. Roberto Scotti &#8211; UNIMIB;<\/u><\/em> Responsabile dell'unit\u00e0. Attivit\u00e0: Funzione di pianificazione e conduzione dell'attivit\u00e0 sperimentale<\/li>\n<li><em><u>dott.ssa Corinne Gandelli;<\/u><\/em> Personale del PI per la governance, il coordinamento e la rendicontazione amministrativa<\/li>\n<\/ul>\n<\/li>\n<\/ul>\n<ul>\n<li><strong>Partecipanti alla ricerca permanenti:<\/strong>\n<ul>\n<li><em><u>prof.ssa Lidia Castoldi &#8211; POLIMI<\/u><\/em>. Attivit\u00e0: Funzione di pianificazione e conduzione dell'attivit\u00e0 sperimentale; progettazione del sito web.<\/li>\n<li><em><u>prof. Luca Lietti &#8211; POLIMI<\/u><\/em>. Attivit\u00e0: Funzione di pianificazione e conduzione dell'attivit\u00e0 sperimentale.<\/li>\n<li><em><u>prof.ssa Barbara Di Credico &#8211; UNIMIB<\/u><\/em>. Attivit\u00e0: Funzione di pianificazione e conduzione dell'attivit\u00e0 sperimentale; progettazione del sito web.<\/li>\n<\/ul>\n<\/li>\n<\/ul>\n<p>Per la realizzazione del progetto, le Milestone sono assegnate all'Unit\u00e0 di ricerca, come dettagliato nella pagina web dedicata (link).<\/p>\n<p>The evaluation of the degree of progress of the activities and the planning of the activities are carried out through periodic meetings and internal reports as defined in the project description. Furthermore, it will be the participants&#8217; responsibility to include people external to the project as experts and\/or stakeholders in the discussion and planning phases, where required.<\/p>","protected":false},"excerpt":{"rendered":"<p>The SILCO project was born from the cooperation of three research units. SILCO project has been designed and planned to address three targets of EU and Italian PNRR: climate change, by proposing new materials for CO2 capture and use (SDG13); affordable energy, by proposing CO2 transformation into hydrocarbon (SDG7), and responsible resources consumption, by proposing [&hellip;]<\/p>\n","protected":false},"author":2,"featured_media":0,"parent":0,"menu_order":0,"comment_status":"closed","ping_status":"closed","template":"","meta":{"ocean_post_layout":"","ocean_both_sidebars_style":"","ocean_both_sidebars_content_width":0,"ocean_both_sidebars_sidebars_width":0,"ocean_sidebar":"","ocean_second_sidebar":"","ocean_disable_margins":"enable","ocean_add_body_class":"","ocean_shortcode_before_top_bar":"","ocean_shortcode_after_top_bar":"","ocean_shortcode_before_header":"","ocean_shortcode_after_header":"","ocean_has_shortcode":"","ocean_shortcode_after_title":"","ocean_shortcode_before_footer_widgets":"","ocean_shortcode_after_footer_widgets":"","ocean_shortcode_before_footer_bottom":"","ocean_shortcode_after_footer_bottom":"","ocean_display_top_bar":"default","ocean_display_header":"default","ocean_header_style":"","ocean_center_header_left_menu":"","ocean_custom_header_template":"","ocean_custom_logo":0,"ocean_custom_retina_logo":0,"ocean_custom_logo_max_width":0,"ocean_custom_logo_tablet_max_width":0,"ocean_custom_logo_mobile_max_width":0,"ocean_custom_logo_max_height":0,"ocean_custom_logo_tablet_max_height":0,"ocean_custom_logo_mobile_max_height":0,"ocean_header_custom_menu":"","ocean_menu_typo_font_family":"","ocean_menu_typo_font_subset":"","ocean_menu_typo_font_size":0,"ocean_menu_typo_font_size_tablet":0,"ocean_menu_typo_font_size_mobile":0,"ocean_menu_typo_font_size_unit":"px","ocean_menu_typo_font_weight":"","ocean_menu_typo_font_weight_tablet":"","ocean_menu_typo_font_weight_mobile":"","ocean_menu_typo_transform":"","ocean_menu_typo_transform_tablet":"","ocean_menu_typo_transform_mobile":"","ocean_menu_typo_line_height":0,"ocean_menu_typo_line_height_tablet":0,"ocean_menu_typo_line_height_mobile":0,"ocean_menu_typo_line_height_unit":"","ocean_menu_typo_spacing":0,"ocean_menu_typo_spacing_tablet":0,"ocean_menu_typo_spacing_mobile":0,"ocean_menu_typo_spacing_unit":"","ocean_menu_link_color":"","ocean_menu_link_color_hover":"","ocean_menu_link_color_active":"","ocean_menu_link_background":"","ocean_menu_link_hover_background":"","ocean_menu_link_active_background":"","ocean_menu_social_links_bg":"","ocean_menu_social_hover_links_bg":"","ocean_menu_social_links_color":"","ocean_menu_social_hover_links_color":"","ocean_disable_title":"default","ocean_disable_heading":"default","ocean_post_title":"","ocean_post_subheading":"","ocean_post_title_style":"","ocean_post_title_background_color":"","ocean_post_title_background":0,"ocean_post_title_bg_image_position":"","ocean_post_title_bg_image_attachment":"","ocean_post_title_bg_image_repeat":"","ocean_post_title_bg_image_size":"","ocean_post_title_height":0,"ocean_post_title_bg_overlay":0.5,"ocean_post_title_bg_overlay_color":"","ocean_disable_breadcrumbs":"default","ocean_breadcrumbs_color":"","ocean_breadcrumbs_separator_color":"","ocean_breadcrumbs_links_color":"","ocean_breadcrumbs_links_hover_color":"","ocean_display_footer_widgets":"default","ocean_display_footer_bottom":"default","ocean_custom_footer_template":"","footnotes":""},"class_list":["post-48","page","type-page","status-publish","hentry","entry"],"_links":{"self":[{"href":"https:\/\/www.silco.polimi.it\/it\/wp-json\/wp\/v2\/pages\/48","targetHints":{"allow":["GET"]}}],"collection":[{"href":"https:\/\/www.silco.polimi.it\/it\/wp-json\/wp\/v2\/pages"}],"about":[{"href":"https:\/\/www.silco.polimi.it\/it\/wp-json\/wp\/v2\/types\/page"}],"author":[{"embeddable":true,"href":"https:\/\/www.silco.polimi.it\/it\/wp-json\/wp\/v2\/users\/2"}],"replies":[{"embeddable":true,"href":"https:\/\/www.silco.polimi.it\/it\/wp-json\/wp\/v2\/comments?post=48"}],"version-history":[{"count":12,"href":"https:\/\/www.silco.polimi.it\/it\/wp-json\/wp\/v2\/pages\/48\/revisions"}],"predecessor-version":[{"id":345,"href":"https:\/\/www.silco.polimi.it\/it\/wp-json\/wp\/v2\/pages\/48\/revisions\/345"}],"wp:attachment":[{"href":"https:\/\/www.silco.polimi.it\/it\/wp-json\/wp\/v2\/media?parent=48"}],"curies":[{"name":"wp","href":"https:\/\/api.w.org\/{rel}","templated":true}]}}