{"id":44,"date":"2024-06-02T17:34:33","date_gmt":"2024-06-02T15:34:33","guid":{"rendered":"https:\/\/www.silco.polimi.it\/?page_id=44"},"modified":"2025-07-03T10:14:19","modified_gmt":"2025-07-03T08:14:19","slug":"about-us","status":"publish","type":"page","link":"https:\/\/www.silco.polimi.it\/it\/about-us\/","title":{"rendered":"Chi Siamo"},"content":{"rendered":"<h3><strong data-wp-editing=\"1\"><img loading=\"lazy\" decoding=\"async\" src=\"http:\/\/www.silco.polimi.it\/wp-content\/uploads\/2024\/09\/chi-siamo-300x300.png\" alt=\"\" width=\"300\" height=\"300\" \/>Il progetto SILCO nasce dalla cooperazione di tre gruppi di ricerca.<\/strong><\/h3>\nL'obiettivo generale del progetto SILCO riguarda il recupero strategico della CO<sub>2<\/sub> e il suo riutilizzo. Questo ambizioso obiettivo sar\u00e0 perseguito coinvolgendo gruppi di ricerca di alta qualit\u00e0 con una lunga tradizione nello studio della preparazione dei materiali, dei processi catalitici e della catalisi eterogenea, con un track record di successi in questi campi. Il partenariato SILCO avr\u00e0 quindi a disposizione competenze multidisciplinari complementari e attrezzature multi-impianto adatte al raggiungimento degli obiettivi del progetto.<br \/>\nIl consorzio \u00e8 costituito dal Politecnico di Milano, dall'Universit\u00e0 di Genova e dall'Universit\u00e0 di Milano Bicocca.\n\t<h2><strong>Politecnico di Milano<\/strong><\/h2>\n<strong>Mat4En2 &#8211; Dipartimento di Chimica, Materiali ed Ingegneria Chimica &#8220;G. Natta&#8221;<\/strong><br \/>\n<a href=\"https:\/\/mat4en2.cmic.polimi.it\/index.php\">https:\/\/mat4en2.cmic.polimi.it\/index.php<\/a><br \/>\nThe Materials for Energy and Environment (Mat4En2) laboratory belongs to the Chemistry, Materials and Chemical Engineering &#8220;Giulio Natta&#8221; Department of Politecnico di Milano, where it has been founded in 2007. Its research activity focuses on the production and analysis of materials characterized by a low environmental impact for building and water treatment applications, Life Cycle Assessment (LCA) of industrial products processes, development and testing of fuel cells components and ceramic materials. All these topics are addressed in several courses taught by Mat4En2 faculty at the Schools of Engineering, Architecture and Design. The group collaborates with Italian and European universities, research centres and companies; it is also active part in many international research and exchange projects.\n<strong>Prof.ssa Cinzia Cristiani<\/strong><br \/>\nLaurea in Chimica; dottorato di ricerca in Chimica Industriale (Politecnico di Milano; 1990)<br \/>\nShe is associate professor at Politecnico di Milano, School of Industrial Processes Engineering (Chemistry, Materials and Chemical Engineering &#8220;Giulio Natta&#8221; Department).<br \/>\nLe sue attivit\u00e0 di ricerca riguardano la preparazione, la caratterizzazione e la sperimentazione di: 1) materiali assorbenti a base naturale e derivati dai rifiuti per il trattamento delle acque reflue; 2) materiali per il recupero di metalli da apparecchiature elettriche ed elettroniche a fine vita; 3) materiali a base naturale e derivati dai rifiuti per il miglioramento dei mangimi e la somministrazione di farmaci; 4) deposizione di rivestimenti su substrati strutturati con geometrie complesse; 5) catalizzatori eterogenei per la produzione di energia e la protezione ambientale. Inoltre, \u00e8 attiva in progetti di Wider Society Learning e in attivit\u00e0 con le scuole.\n<strong>Dott.ssa Corinne Gandelli<\/strong><br \/>\n<img loading=\"lazy\" decoding=\"async\" src=\"http:\/\/www.silco.polimi.it\/wp-content\/uploads\/2024\/10\/foto-Co-SQ-150x150.jpg\" alt=\"\" width=\"150\" height=\"150\" \/>Diploma di Ragioneria e Perito Commerciale; diploma di lingua inglese<br \/>\n\u00c8 in organico all'ufficio amministrativo con principali mansioni di: Preparazione e gestione della documentazione contabile e amministrativa di progetti di ricerca italiani, europei e internazionali; Monitoraggio delle spese e verifica della corretta attribuzione dei costi; Redazione dei rendiconti finanziari dei progetti finanziati, nel rispetto delle scadenze e delle linee guida fornite dai finanziatori; Collaborazione con i team di progetto nella preparazione della documentazione per le richieste di finanziamento e nell'assicurare la coerenza tra la progettazione e la rendicontazione dei progetti; Gestione dei rapporti con il PI del progetto, con i partner e con i finanziatori per quanto riguarda gli aspetti gestionali, contabili e di rendicontazione; Partecipazione ad audit e verifiche periodiche richieste dai finanziatori o dalle autorit\u00e0 competenti<br \/>\nNel progetto SILCO \u00e8 staff del PI per la governance, il coordinamento e la rendicontazione amministrativa.\n<strong>LCCP group &#8211; Dipartimento di Energia<\/strong><br \/>\n<a href=\"https:\/\/www.lccp.polimi.it\/\">https:\/\/www.lccp.polimi.it\/<\/a><br \/>\nThe Laboratory of Catalysis and Catalytic Processes (LCCP) is a research group established in the early &#8217;70, under the guide of Professor Pio Forzatti. It has pioneered multidisciplinary research in the science and engineering of heterogeneous catalysis. In the last decades the research activity of the group has gradually expanded from applications in industrial chemical processes to novel fields associated with energy conversion, environmental protection and sustainable production of chemicals. The mission of LCCP is the education of students via relevant research in the multidisciplinary field of catalysis science, spanning from fundamental research to industrial applications, with a strong connection with the industrial world and world-leading universities and research centers.\n<strong>Prof.ssa Lidia Castoldi<\/strong><br \/>\nLaurea in Chimica Industriale; Dottorato di Ricerca in Chimica Industriale e Ingegneria Chimica (Politecnico di Milano; 2004)<br \/>\n\u00c8 professoressa associata presso il Politecnico di Milano, Scuola di Ingegneria dei Processi Industriali (Dipartimento di Energia).<br \/>\nI temi principali delle sue attivit\u00e0 di ricerca sono:<br \/>\n\u2022 Processi catalitici eterogenei, in particolare studi di reattivit\u00e0, meccanismi di reazione e aspetti cinetici delle reazioni<br \/>\n\u2022 Processi catalitici per la protezione dell'ambiente<br \/>\n\u2022 Processi di post-trattamento catalitico per l'abbattimento degli NOx (sistemi LNT, PNA e simili)<br \/>\n\u2022 Abbattimento catalitico post-combustione delle emissioni da fonti mobili (rigenerazione di filtri catalitici per particolato diesel)<br \/>\n\u2022 Materiali avanzati per la cattura e la conversione di CO<sub>2<\/sub> capture and conversion<br \/>\n\u2022 Decomposizione catalitica del metano per la produzione di idrogeno turchese\n<strong>Prof. Luca Lietti<\/strong><br \/>\nLaurea in Ingegneria Chimica; Dottorato di Ricerca in Ingegneria Chimica (Politecnico di Milano; 1989)<br \/>\n\u00c8 professore ordinario presso il Politecnico di Milano, Scuola di Ingegneria dei Processi Industriali (Dipartimento di Energia).<br \/>\nI suoi interessi principali riguardano i processi catalitici eterogenei, in particolare per l'energia e l'ambiente. Ha sviluppato capacit\u00e0 e competenze interdisciplinari nelle indagini meccanicistiche e cinetiche, con l'obiettivo di chiarire le relazioni tra le propriet\u00e0 della superficie e della struttura dei catalizzatori e la loro capacit\u00e0 di guidare le reazioni chimiche lungo percorsi specifici. Le ricerche attuali e gli aspetti in esame includono principalmente l'idrogenazione della CO<sub>2<\/sub> per carburanti e prodotti chimici, i catalizzatori per l'accumulo e la riduzione degli NOx in fonti mobili, la sintesi di Fischer-Tropsch su catalizzatori a base di Co e Fe, l'ossidazione catalitica della fuliggine e la rimozione combinata di fuliggine e NOx, l'SCR dell'ammoniaca per gli NOx.\n\t<h2><strong>Universit\u00e0 di Genova<\/strong><\/h2>\n<strong>Laboratorio di Chimica delle Superfici e Catalisi Industriale &#8211; Dipartimento di ingegneria civile, chimica e ambientale &#8211; DICCA<\/strong><br \/>\n<a href=\"http:\/\/www.catalisidichep.unige.it\/index.htm\">http:\/\/www.catalisidichep.unige.it\/index.htm<\/a><br \/>\nPresso il Laboratorio di Chimica delle Superfici e Catalisi Industriale sono in corso da circa quindici anni studi sui fenomeni di adsorbimento e catalisi su solidi ceramici.<br \/>\nIn particular, studies are underway on the following technologies:\n\u2022 catalytic production of hydrogen from (bio)alcohols and hydrocarbons (PRIN-MIUR projects).<br \/>\n\u2022 preparazione e caratterizzazione di materiali per la produzione di celle a combustibile (Ricerca FISR in collaborazione con il Consorzio INSTM)<br \/>\n\u2022 purificazione del biogas ricco di metano per la produzione di energia (Ricerca PNR e collaborazione con EcoDeco, un progetto europeo e collaborazione con Ansaldo Fuel Cells e CIMA).<br \/>\n\u2022 sviluppo di nuovi materiali catalitici per l'abbattimento dei composti organici volatili (COV) dai gas di scarico della produzione industriale (collaborazione con CESI-ENEL).<br \/>\n\u2022 catalizzatori per la produzione di carburanti diesel senza zolfo con il processo Fischer Tropsch (collaborazione con ENITECNOLOGIE)<br \/>\n\u2022 studio delle interazioni tra materiali organici ed elastomeri per la produzione di nuovi pneumatici ecologici (collaborazione con Pirelli e Consorzio INSTM)<br \/>\n\u2022 sviluppo di nuove tecnologie catalitiche per l'abbattimento simultaneo o non simultaneo degli ossidi di azoto e dei residui di carbonio dai gas di scarico dei motori diesel e della produzione industriale.<br \/>\n\u2022 sviluppo di tecnologie catalitiche per la depurazione delle acque inquinate (progetto FIRB e collaborazione con CIMA)<br \/>\n\u2022 development of new acid catalysts for new processes (skeletal isomerizations, dehydrogenations) to be developed in refineries for the production of &#8220;reformulated&#8221; gasoline, i.e. less polluting.<br \/>\n\u2022 reazioni di ossidazione parziale degli idrocarburi, per la produzione di intermedi chimici (monomeri per la produzione di materie plastiche, prodotti di base) da materie prime come petrolio e gas naturale).\n<p>The group&#8217;s activities are carried out in close contact with the activities of the Catalysis Group (GIC) of the Italian Chemical Society, member of the European Federation of the Catalysis Societies (EFCATS)<\/p>\n<strong>Prof.ssa Elisabetta Finocchio<\/strong><br \/>\nLaurea in Farmacia; Dottorato di ricerca in Chimica per l'Ingegneria (Universit\u00e0 di Genova; 1997)<br \/>\nShe is associate professor at Universit\u00e0 di Genova &#8211; Civil, Chemical and Environmental Engineering Department<br \/>\nI principali temi di ricerca riguardano la caratterizzazione e l'attivit\u00e0 catalitica di catalizzatori solidi per la conversione di composti ossigenati, l'upgrading di combustibili e la combustione di COV. In questo campo ha studiato le propriet\u00e0 redox e acido-base della superficie dei catalizzatori e i meccanismi di reazione attraverso l'uso della spettroscopia FT-IR in atmosfera controllata e l'adsorbimento e il co-adsorbimento di molecole sonda. \u00c8 inoltre impegnata nello studio di materiali compositi per le tecnologie di adsorbimento e di nuovi polimeri biodegradabili modificati.\n\t<h2><strong>Universit\u00e0 degli Studi Milano-Bicocca<img loading=\"lazy\" decoding=\"async\" src=\"http:\/\/www.silco.polimi.it\/wp-content\/uploads\/2025\/03\/NanoMatLab-300x300.jpg\" alt=\"\" width=\"300\" height=\"300\" \/><\/strong><\/h2>\n<strong>NanoMat@Lab &#8211; Dipartimento di Scienza dei Materiali<\/strong><br \/>\n<a href=\"https:\/\/www.mater.unimib.it\/en\/research\/research-areas\/enviroment-and-energy-materials\/chemistry-inorganic-and-hybrid-materials-nanomatlab\">https:\/\/www.mater.unimib.it\/en\/research\/research-areas\/enviroment-and-energy-materials\/chemistry-inorganic-and-hybrid-materials-nanomatlab<\/a><br \/>\nIl laboratorio di Chimica dei materiali inorganici e ibridi (NanoMat@Lab) \u00e8 stato fondato dalla Prof.ssa Franca Morazzoni e ha come obiettivo la sintesi mediante soft-chemistry e la caratterizzazione funzionale di materiali inorganici puri e ibridi per il risparmio energetico.<br \/>\nI principali campi di ricerca sono i materiali nanostrutturati per la catalisi, la fotocatalisi e l'accumulo di energia e i nanofiller inorganici per nanocompositi polimerici multifunzionali. Il primo tema riguarda la sintesi con metodi di soft-chemistry di nanoparticelle di ossido a morfologia controllata (ad esempio TiO<sub>2<\/sub>, ZnO, MoO<sub>3<\/sub>) e di sistemi porosi sintonizzabili (silice macro\/mesoporosa o Metal Organic Frameworks, MOF), e lo studio del loro meccanismo (foto)catalitico (formazione e reattivit\u00e0 interfacciale di difetti paramagnetici) mediante tecniche spettroscopiche e spettromagnetiche. Dall'altro lato, la ricerca si concentra sulla preparazione, mediante approcci bottom-up, di nanoparticelle di ossidi (principalmente ZnO e SiO<sub>2<\/sub>) e polisilesquiossani (PSQ) con caratteristiche morfologiche e superficiali controllate, impiegate in un'ampia gamma di applicazioni (ad esempio, settore automobilistico, dielettrici ad alte prestazioni, barriera ai gas).\n<strong>Prof.ssa Barbara Di Credico<\/strong><br \/>\nLaurea in Chimica; Dottorato di ricerca in Chimica Inorganica (Universit\u00e0 di Firenze; 2009)<br \/>\nShe is Associate professor at Universit\u00e0 di Milano-Bicocca &#8211; Materials Science Department<br \/>\nHa un background sperimentale avanzato nella progettazione e nello sviluppo di materiali nanocompositi, ibridi e intelligenti, oltre a una profonda conoscenza della chimica inorganica. I suoi interessi di ricerca sono gli ossidi nanostrutturati e i materiali ibridi organico-inorganici per la pulizia ambientale (fotocatalisi), la progettazione e lo sviluppo di compositi di gomma.\n<strong>Prof. Roberto Scotti<\/strong><br \/>\nLaurea in Chimica Industriale; Scuola di Specializzazione in Scienza dei Materiali (Universit\u00e0 di Milano; 1990)<br \/>\nHe is associate professor at Universit\u00e0 di Milano-Bicocca &#8211; Materials Science Department<br \/>\nI principali interessi di ricerca si concentrano sulla progettazione e la sintesi di i) materiali inorganici funzionali e strutturali, principalmente ossidi puri o misti con struttura, morfologia, caratteristiche superficiali e defettivit\u00e0 controllate e ii) nanocompositi ibridi organici\/inorganici, per applicazioni nel campo della fotocatalisi, dei materiali a luminescenza, del rilevamento e dell'industria automobilistica.\n\t<h2><strong>GIOVANI RICERCATORI ASSUNTI PER IL PROGETTO<br \/>\n<\/strong><\/h2>\n<strong>Dr. Matteo Di Virgilio<br \/>\n<img loading=\"lazy\" decoding=\"async\" src=\"http:\/\/www.silco.polimi.it\/wp-content\/uploads\/2024\/10\/Di-Virgilio-sito-SILCO-150x150.jpg\" alt=\"\" width=\"150\" height=\"150\" \/><\/strong>Laurea magistrale in Ingegneria Chimica; dottorato di ricerca in Ingegneria dei Materiali (in fase di completamento, Politecnico di Milano).<br \/>\nHe is a post-doc researcher at Politecnico di Milano, School of Industrial Processes Engineering (Chemistry, Materials and Chemical Engineering &#8220;Giulio Natta&#8221; Department)<br \/>\nLavora principalmente in due campi di ricerca:<br \/>\n1) progettazione, preparazione e caratterizzazione di compositi innovativi non fluorurati, basati principalmente sull'ossido di grafene (GO) e sui suoi derivati funzionalizzati, per celle a combustibile a membrana a scambio protonico;<br \/>\n2) modellazione dei dati sperimentali estratti per nuovi materiali sorbenti applicati al recupero di elementi di terre rare (REE) o altre specie da apparecchiature elettriche ed elettroniche a fine vita.\n<strong>Dr. Sergio Molina-Ram\u00edrez<\/strong><br \/>\n<img loading=\"lazy\" decoding=\"async\" src=\"http:\/\/www.silco.polimi.it\/wp-content\/uploads\/2024\/10\/SMR_Picture-SQ-150x150.jpg\" alt=\"\" width=\"150\" height=\"150\" \/>Laurea in Ingegneria Chimica; Master in Ingegneria Chimica; Dottorato in Ingegneria Chimica (Universidad de M\u00e1laga, Spagna; 2024)<br \/>\n\u00c8 un ricercatore post-doc coinvolto nel progetto SILCO<br \/>\nIl suo principale interesse di ricerca riguarda le tecnologie di transizione e trasformazione dei processi catalitici. Le sue ricerche si sono concentrate principalmente sullo sviluppo di tecnologie catalitiche avanzate accoppiate (DPNR-SCR) per l'abbattimento delle emissioni inquinanti nei motori diesel (NOx, fuliggine, SOx ecc.), sull'analisi della sintesi di biocarburanti e di nuovi carburanti avanzati e sul loro impatto sugli inquinanti, sullo studio di strategie di decarbonizzazione per l'utilizzo e la conversione della CO<sub>2<\/sub> e sull'uso dell'idrogeno come fonte energetica.\n<strong>Dr. Lorenzo Vigan\u00f2<br \/>\n<\/strong><img loading=\"lazy\" decoding=\"async\" src=\"http:\/\/www.silco.polimi.it\/wp-content\/uploads\/2024\/10\/Foto_Vigano-150x150.jpg\" alt=\"\" width=\"150\" height=\"150\" \/>Degree in Chemical Science and Technology, Master&#8217;s degree in Chemistry, PhD degree in Materials Science and Nanotechnology (Universit\u00e0 di Milano-Bicocca)<br \/>\n\u00c8 ricercatore post-doc presso il Politecnico di Milano.<br \/>\nHa esperienza nella sintesi e nella caratterizzazione di ossidi inorganici, nell'indagine e nell'applicazione di materiali di scarto come prodotti ad alto valore aggiunto e, grazie a collaborazioni internazionali, nella degradazione fotocatalitica di inquinanti in fase acquosa e nella metanazione di CO<sub>2<\/sub> sotto doppia eccitazione fototermica.","protected":false},"excerpt":{"rendered":"<p>The SILCO project was born from the cooperation of three research units. The overall objective of the SILCO project concerns the strategic recovery of CO2 and its reuse. This ambitious goal will be pursued by involving high-quality research groups with a long tradition in the study of materials preparation, catalytic processes and heterogeneous catalysis, with [&hellip;]<\/p>\n","protected":false},"author":2,"featured_media":0,"parent":0,"menu_order":0,"comment_status":"closed","ping_status":"closed","template":"","meta":{"ocean_post_layout":"","ocean_both_sidebars_style":"","ocean_both_sidebars_content_width":0,"ocean_both_sidebars_sidebars_width":0,"ocean_sidebar":"","ocean_second_sidebar":"","ocean_disable_margins":"enable","ocean_add_body_class":"","ocean_shortcode_before_top_bar":"","ocean_shortcode_after_top_bar":"","ocean_shortcode_before_header":"","ocean_shortcode_after_header":"","ocean_has_shortcode":"","ocean_shortcode_after_title":"","ocean_shortcode_before_footer_widgets":"","ocean_shortcode_after_footer_widgets":"","ocean_shortcode_before_footer_bottom":"","ocean_shortcode_after_footer_bottom":"","ocean_display_top_bar":"default","ocean_display_header":"default","ocean_header_style":"","ocean_center_header_left_menu":"","ocean_custom_header_template":"","ocean_custom_logo":0,"ocean_custom_retina_logo":0,"ocean_custom_logo_max_width":0,"ocean_custom_logo_tablet_max_width":0,"ocean_custom_logo_mobile_max_width":0,"ocean_custom_logo_max_height":0,"ocean_custom_logo_tablet_max_height":0,"ocean_custom_logo_mobile_max_height":0,"ocean_header_custom_menu":"","ocean_menu_typo_font_family":"","ocean_menu_typo_font_subset":"","ocean_menu_typo_font_size":0,"ocean_menu_typo_font_size_tablet":0,"ocean_menu_typo_font_size_mobile":0,"ocean_menu_typo_font_size_unit":"px","ocean_menu_typo_font_weight":"","ocean_menu_typo_font_weight_tablet":"","ocean_menu_typo_font_weight_mobile":"","ocean_menu_typo_transform":"","ocean_menu_typo_transform_tablet":"","ocean_menu_typo_transform_mobile":"","ocean_menu_typo_line_height":0,"ocean_menu_typo_line_height_tablet":0,"ocean_menu_typo_line_height_mobile":0,"ocean_menu_typo_line_height_unit":"","ocean_menu_typo_spacing":0,"ocean_menu_typo_spacing_tablet":0,"ocean_menu_typo_spacing_mobile":0,"ocean_menu_typo_spacing_unit":"","ocean_menu_link_color":"","ocean_menu_link_color_hover":"","ocean_menu_link_color_active":"","ocean_menu_link_background":"","ocean_menu_link_hover_background":"","ocean_menu_link_active_background":"","ocean_menu_social_links_bg":"","ocean_menu_social_hover_links_bg":"","ocean_menu_social_links_color":"","ocean_menu_social_hover_links_color":"","ocean_disable_title":"default","ocean_disable_heading":"default","ocean_post_title":"","ocean_post_subheading":"","ocean_post_title_style":"","ocean_post_title_background_color":"","ocean_post_title_background":0,"ocean_post_title_bg_image_position":"","ocean_post_title_bg_image_attachment":"","ocean_post_title_bg_image_repeat":"","ocean_post_title_bg_image_size":"","ocean_post_title_height":0,"ocean_post_title_bg_overlay":0.5,"ocean_post_title_bg_overlay_color":"","ocean_disable_breadcrumbs":"default","ocean_breadcrumbs_color":"","ocean_breadcrumbs_separator_color":"","ocean_breadcrumbs_links_color":"","ocean_breadcrumbs_links_hover_color":"","ocean_display_footer_widgets":"default","ocean_display_footer_bottom":"default","ocean_custom_footer_template":"","footnotes":""},"class_list":["post-44","page","type-page","status-publish","hentry","entry"],"_links":{"self":[{"href":"https:\/\/www.silco.polimi.it\/it\/wp-json\/wp\/v2\/pages\/44","targetHints":{"allow":["GET"]}}],"collection":[{"href":"https:\/\/www.silco.polimi.it\/it\/wp-json\/wp\/v2\/pages"}],"about":[{"href":"https:\/\/www.silco.polimi.it\/it\/wp-json\/wp\/v2\/types\/page"}],"author":[{"embeddable":true,"href":"https:\/\/www.silco.polimi.it\/it\/wp-json\/wp\/v2\/users\/2"}],"replies":[{"embeddable":true,"href":"https:\/\/www.silco.polimi.it\/it\/wp-json\/wp\/v2\/comments?post=44"}],"version-history":[{"count":21,"href":"https:\/\/www.silco.polimi.it\/it\/wp-json\/wp\/v2\/pages\/44\/revisions"}],"predecessor-version":[{"id":442,"href":"https:\/\/www.silco.polimi.it\/it\/wp-json\/wp\/v2\/pages\/44\/revisions\/442"}],"wp:attachment":[{"href":"https:\/\/www.silco.polimi.it\/it\/wp-json\/wp\/v2\/media?parent=44"}],"curies":[{"name":"wp","href":"https:\/\/api.w.org\/{rel}","templated":true}]}}