{"id":183,"date":"2024-06-30T17:58:13","date_gmt":"2024-06-30T15:58:13","guid":{"rendered":"https:\/\/www.silco.polimi.it\/?page_id=183"},"modified":"2025-07-03T10:35:21","modified_gmt":"2025-07-03T08:35:21","slug":"silco-prog","status":"publish","type":"page","link":"https:\/\/www.silco.polimi.it\/it\/silco-prog\/","title":{"rendered":"SILCO \u2013 IL PROGETTO"},"content":{"rendered":"<h3><img loading=\"lazy\" decoding=\"async\" src=\"http:\/\/www.silco.polimi.it\/wp-content\/uploads\/2024\/08\/SILCO_2.jpg\" alt=\"\" width=\"383\" height=\"372\" \/><\/h3>\n<h3><strong>Cemento poroso a base di silice derivato da rifiuti per la cattura, lo stoccaggio e il riutilizzo dell'anidride carbonica (SILCO).<\/strong><\/h3>\n<p>La CO<sub>2<\/sub> \u00e8 uno dei responsabili per il cambiamento climatico, e vengono fatti sforzi per sviluppare sistemi efficienti ed economicamente vantaggiosi per catturarla, conservarla e riutilizzarla.<\/p>\n<p>Il progetto SILCO \u00e8 stato ideato e pianificato per rispondere a tre obiettivi del PNRR dell'UE e dell'Italia: il cambiamento climatico, proponendo nuovi materiali per la cattura e l'utilizzo della CO<sub>2<\/sub> capture and use (SDG13 &#8211; climate action); affordable energy, by proposing CO<sub>2<\/sub> transformation into hydrocarbon (SDG7 &#8211; Affordable and clean energy), and responsible resources consumption, by proposing the development and application of waste-derived silica matrixes (SDG12 &#8211; Sustainable consumption and production), and particular attention is paid to the circularity of the proposed approach.<\/p>\n<p>Si prevede lo sviluppo di matrici sorbenti derivate da rifiuti (WSM) a base di silice e\/o silice modificata con specifica funzionalizzazione e porosit\u00e0, adatte per la cattura e lo stoccaggio di CO<sub>2<\/sub> ad alta efficienza e per l'utilizzo come catalizzatori di supporto per la produzione di combustibili ad alta resa e selettivi.<\/p>\n<p>Altri aspetti importanti di SILCO riguardano lo studio e la messa a punto di metodologie per la caratterizzazione e la valutazione del rapporto struttura-prestazioni dei sorbenti e dei catalizzatori. Il concetto innovativo di SILCO si basa sulla messa a punto di metodologie in grado di consentire una gestione efficiente dei rifiuti, compresa la CO<sub>2<\/sub>, per reintrodurli nel ciclo produttivo dando loro nuova vita e valore.<\/p>\n<p>Tra gli altri, gli output applicativi di SILCO possono essere:<\/p>\n<ol>\n<li>l'applicazione di nuovi WSM, attualmente non disponibili sul mercato, nelle tecnologie attuali, e<\/li>\n<li>la possibilit\u00e0 di implementare nuove tecnologie, che si occupano di processi di riciclaggio, ancora non applicate a livello industriale.<\/li>\n<\/ol>\n<p>L'ambiziosa visione a lungo termine di SILCO pu\u00f2 essere fondamentale per nuove tecnologie in grado di generare importanti opportunit\u00e0 di lavoro. Le implicazioni ambientali del riutilizzo e del riciclo dei residui di silice sono positive per quanto riguarda le materie prime, le risorse, i costi e la riduzione delle discariche. Effetti positivi ancora pi\u00f9 impattanti si avranno considerando il recupero e la valorizzazione della CO<sub>2<\/sub> . Il riscaldamento globale \u00e8 considerato una delle sfide pi\u00f9 importanti del XXI secolo, cos\u00ec come la cattura della CO<sub>2<\/sub> ; pertanto, le tecnologie di stoccaggio stanno suscitando grande interesse per ridurre la quantit\u00e0 sempre crescente di CO<sub>2<\/sub> rilasciata nell'atmosfera e il suo impatto sul cambiamento climatico globale. Lo sviluppo di un catalizzatore robusto per la riduzione selettiva della CO<sub>2<\/sub> direttamente in combustibili idrocarburici \u00e8 molto impegnativo sia dal punto di vista energetico che ambientale, poich\u00e9 offre una via rinnovabile e verde per la produzione di combustibili. La produzione di gas naturale sintetico dalla CO<sub>2<\/sub> mediante una reazione di metanazione \u00e8 quindi una promettente tecnologia di cattura e utilizzo del carbonio che porta al suo riciclo.<\/p>\n<p>&nbsp;<\/p>\n<h3><strong>Silici mesoporose a base di rifiuti (MS)<\/strong><\/h3>\n<p>Le silici mesoporose (MS) hanno attirato grande attenzione come materiali sorbenti grazie alle loro caratteristiche eccezionali, ovvero strutture ordinate dei pori, elevata area superficiale e un'ampia scelta di morfologie (polveri, dischi, aste e sfere, ecc.). Rispetto alla silice porosa convenzionale, gli MS mostrano pori estremamente ordinati, grazie al metodo di nano-templatura applicato nella loro sintesi. Le superfici degli MS, contenenti gruppi silanolo, sono i fattori chiave per le loro prestazioni, che possono essere ulteriormente migliorate tramite la funzionalizzazione con diverse molecole.<\/p>\n<p>Recentemente, l'acido esafluorosilicico di scarto industriale H<sub>2<\/sub>SiF<sub>6<\/sub> (FSA) si \u00e8 dimostrato un'alternativa a basso costo per la sintesi di materiali silicei, attualmente in fase di test di produzione in impianti pilota, e la silice mesoporosa ottenuta da FSA ha confermato la sua idoneit\u00e0 come supporto sorbente attraverso la modifica della superficie, mostrando prestazioni paragonabili a quelle di materiali simili preparati da precursori convenzionali.Le superfici di MS, contenenti gruppi silanolo, sono i fattori chiave per le loro prestazioni, che possono essere ulteriormente migliorate attraverso la funzionalizzazione con diverse molecole.<\/p>\n<p>Le interazioni CO<sub>2<\/sub>-materiali di superficie variano da materiale a materiale, a causa della natura delle molecole funzionalizzanti. Inoltre, la funzionalizzazione della superficie con gruppi funzionali adeguati pu\u00f2 aumentare l'affinit\u00e0 delle interazioni tra CO<sub>2<\/sub> e silice. La CO<sub>2<\/sub> catturata pu\u00f2 essere immagazzinata o ulteriormente convertita per generare prodotti a valore aggiunto (ad esempio, prodotti chimici e combustibili), secondo il concetto di cattura e utilizzo del carbonio (CCU). Questa tecnologia, che prevede la conversione degli scarti di CO<sub>2<\/sub> in prodotti a valore aggiunto utilizzando energia rinnovabile, dovrebbe avere un forte impatto nella mitigazione dei cambiamenti climatici.<\/p>\n<p>Graphical representation of SILCO&#8217;s basic idea is sketched in following Figure:<\/p>\n<p><img loading=\"lazy\" decoding=\"async\" src=\"http:\/\/www.silco.polimi.it\/wp-content\/uploads\/2024\/08\/progetto_img1.jpg\" alt=\"\" width=\"650\" height=\"436\" \/><\/p>\n<p>SILCO ha proposto la produzione di silice con caratteristiche morfologiche, strutturali e di porosit\u00e0 ben definite, come materia prima secondaria dal recupero e dal riutilizzo dell'acido esafluorosilicico (FSA), adatto al recupero dei gas e alle applicazioni catalitiche, obiettivi del progetto. L'FSA \u00e8 un sottoprodotto pericoloso della produzione di fluoruro di alluminio e di acido fluoridrico e delle industrie di fertilizzanti nell'area del Mediterraneo (Nord Africa e Vicino Medio Oriente) con applicazioni limitate, tra cui la produzione di fluoruro di alluminio a bassa densit\u00e0 e la fluorizzazione dell'acqua potabile e, dove questa pratica \u00e8 legale (non nell'UE), viene principalmente smaltito in mare dopo la neutralizzazione. Il progetto SILCO mira a integrare una soluzione tecnologica innovativa e sostenibile a rifiuti zero per utilizzare l'FSA per produrre fluorite (CaF<sub>2<\/sub>), materia prima critica solida e non pericolosa per l'industria del fluoro, e silice precipitata (HD-SiO<sub>2<\/sub>), nel pieno rispetto dei principi della chimica verde e dell'economia circolare. Si basa sul processo di amminazione FSA brevettato da Fluorsid per il recupero della fluorite. L'integrazione riguarda la modifica del processo di recupero della silice per produrre nanoparticelle di SiO<sub>2<\/sub> morfologicamente controllate con dimensioni, area superficiale e porosit\u00e0 definite per applicazioni quali il recupero della CO<sub>2<\/sub> e i catalizzatori per la produzione di metanolo dalla CO<sub>2<\/sub>.<\/p>\n<p>Ci\u00f2 potrebbe offrire prospettive molto pi\u00f9 interessanti per il riutilizzo della controparte silicea dell'FSA, valorizzando il processo di recupero della fluorite e migliorando ulteriormente l'ecosostenibilit\u00e0 del processo. La transizione verso sistemi di produzione e consumo pi\u00f9 circolari avr\u00e0 inevitabilmente un impatto sia sul numero di persone impiegate nel settore, sia sulle loro competenze.<\/p>\n<p>Le attivit\u00e0 sperimentali del SILCO sono volte a dimostrare la possibilit\u00e0 di sviluppare e utilizzare silice derivata da rifiuti e\/o ossido di silice modificato con specifica funzionalizzazione e porosit\u00e0, adatto per la cattura e lo stoccaggio di CO<sub>2<\/sub> ad alta efficienza e, dopo la funzionalizzazione, come catalizzatore per la produzione di metano ad alta resa e selettivo. Inoltre, \u00e8 previsto lo studio e la messa a punto di metodologie per la caratterizzazione e la valutazione del rapporto struttura-prestazioni.<\/p>\n<p>The communication and information exchange plan within the project and between the fourth research units involved in it will be carried out according to the flow diagram reported in the project&#8217;s Pert diagram:<\/p>\n<p><img loading=\"lazy\" decoding=\"async\" src=\"http:\/\/www.silco.polimi.it\/wp-content\/uploads\/2024\/08\/progetto_img2.jpg\" alt=\"\" width=\"927\" height=\"845\" \/><\/p>","protected":false},"excerpt":{"rendered":"<p>Waste-derived Silica-based porous solids for Carbon diOxide capture, storage and re-use (SILCO) CO2 is one of the responsible for climate change, and efforts are paid to develop efficient and cost-effective capture, storage and re-use systems. SILCO project has been designed and planned to address three targets of EU and Italian PNRR: climate change, by proposing [&hellip;]<\/p>\n","protected":false},"author":2,"featured_media":0,"parent":0,"menu_order":0,"comment_status":"closed","ping_status":"closed","template":"","meta":{"ocean_post_layout":"","ocean_both_sidebars_style":"","ocean_both_sidebars_content_width":0,"ocean_both_sidebars_sidebars_width":0,"ocean_sidebar":"","ocean_second_sidebar":"","ocean_disable_margins":"enable","ocean_add_body_class":"","ocean_shortcode_before_top_bar":"","ocean_shortcode_after_top_bar":"","ocean_shortcode_before_header":"","ocean_shortcode_after_header":"","ocean_has_shortcode":"","ocean_shortcode_after_title":"","ocean_shortcode_before_footer_widgets":"","ocean_shortcode_after_footer_widgets":"","ocean_shortcode_before_footer_bottom":"","ocean_shortcode_after_footer_bottom":"","ocean_display_top_bar":"default","ocean_display_header":"default","ocean_header_style":"","ocean_center_header_left_menu":"","ocean_custom_header_template":"","ocean_custom_logo":0,"ocean_custom_retina_logo":0,"ocean_custom_logo_max_width":0,"ocean_custom_logo_tablet_max_width":0,"ocean_custom_logo_mobile_max_width":0,"ocean_custom_logo_max_height":0,"ocean_custom_logo_tablet_max_height":0,"ocean_custom_logo_mobile_max_height":0,"ocean_header_custom_menu":"","ocean_menu_typo_font_family":"","ocean_menu_typo_font_subset":"","ocean_menu_typo_font_size":0,"ocean_menu_typo_font_size_tablet":0,"ocean_menu_typo_font_size_mobile":0,"ocean_menu_typo_font_size_unit":"px","ocean_menu_typo_font_weight":"","ocean_menu_typo_font_weight_tablet":"","ocean_menu_typo_font_weight_mobile":"","ocean_menu_typo_transform":"","ocean_menu_typo_transform_tablet":"","ocean_menu_typo_transform_mobile":"","ocean_menu_typo_line_height":0,"ocean_menu_typo_line_height_tablet":0,"ocean_menu_typo_line_height_mobile":0,"ocean_menu_typo_line_height_unit":"","ocean_menu_typo_spacing":0,"ocean_menu_typo_spacing_tablet":0,"ocean_menu_typo_spacing_mobile":0,"ocean_menu_typo_spacing_unit":"","ocean_menu_link_color":"","ocean_menu_link_color_hover":"","ocean_menu_link_color_active":"","ocean_menu_link_background":"","ocean_menu_link_hover_background":"","ocean_menu_link_active_background":"","ocean_menu_social_links_bg":"","ocean_menu_social_hover_links_bg":"","ocean_menu_social_links_color":"","ocean_menu_social_hover_links_color":"","ocean_disable_title":"default","ocean_disable_heading":"default","ocean_post_title":"","ocean_post_subheading":"","ocean_post_title_style":"","ocean_post_title_background_color":"","ocean_post_title_background":0,"ocean_post_title_bg_image_position":"","ocean_post_title_bg_image_attachment":"","ocean_post_title_bg_image_repeat":"","ocean_post_title_bg_image_size":"","ocean_post_title_height":0,"ocean_post_title_bg_overlay":0.5,"ocean_post_title_bg_overlay_color":"","ocean_disable_breadcrumbs":"default","ocean_breadcrumbs_color":"","ocean_breadcrumbs_separator_color":"","ocean_breadcrumbs_links_color":"","ocean_breadcrumbs_links_hover_color":"","ocean_display_footer_widgets":"default","ocean_display_footer_bottom":"default","ocean_custom_footer_template":"","footnotes":""},"class_list":["post-183","page","type-page","status-publish","hentry","entry"],"_links":{"self":[{"href":"https:\/\/www.silco.polimi.it\/it\/wp-json\/wp\/v2\/pages\/183","targetHints":{"allow":["GET"]}}],"collection":[{"href":"https:\/\/www.silco.polimi.it\/it\/wp-json\/wp\/v2\/pages"}],"about":[{"href":"https:\/\/www.silco.polimi.it\/it\/wp-json\/wp\/v2\/types\/page"}],"author":[{"embeddable":true,"href":"https:\/\/www.silco.polimi.it\/it\/wp-json\/wp\/v2\/users\/2"}],"replies":[{"embeddable":true,"href":"https:\/\/www.silco.polimi.it\/it\/wp-json\/wp\/v2\/comments?post=183"}],"version-history":[{"count":10,"href":"https:\/\/www.silco.polimi.it\/it\/wp-json\/wp\/v2\/pages\/183\/revisions"}],"predecessor-version":[{"id":445,"href":"https:\/\/www.silco.polimi.it\/it\/wp-json\/wp\/v2\/pages\/183\/revisions\/445"}],"wp:attachment":[{"href":"https:\/\/www.silco.polimi.it\/it\/wp-json\/wp\/v2\/media?parent=183"}],"curies":[{"name":"wp","href":"https:\/\/api.w.org\/{rel}","templated":true}]}}